{"id":9872,"date":"2022-03-07T10:00:00","date_gmt":"2022-03-07T10:00:00","guid":{"rendered":"https:\/\/bcp-instruments.com\/scientific-instrument-services\/"},"modified":"2026-03-19T01:22:36","modified_gmt":"2026-03-19T01:22:36","slug":"scientific-instrument-services","status":"publish","type":"page","link":"https:\/\/bcp-instruments.com\/en\/home\/scientific-instrument-services\/","title":{"rendered":"SIS by Adaptas"},"content":{"rendered":"<p>[et_pb_section fb_built=&#8221;1&#8243; fullwidth=&#8221;on&#8221; _builder_version=&#8221;4.27.4&#8243; _module_preset=&#8221;default&#8221; background_image=&#8221;https:\/\/bcp-instruments.com\/wp-content\/uploads\/2022\/10\/hans-reniers-lQGJCMY5qcM-unsplash-1024&#215;683.jpeg&#8221; da_disable_devices=&#8221;off|off|off&#8221; global_colors_info=&#8221;{}&#8221; da_is_popup=&#8221;off&#8221; da_exit_intent=&#8221;off&#8221; da_has_close=&#8221;on&#8221; da_alt_close=&#8221;off&#8221; da_dark_close=&#8221;off&#8221; da_not_modal=&#8221;on&#8221; da_is_singular=&#8221;off&#8221; da_with_loader=&#8221;off&#8221; da_has_shadow=&#8221;on&#8221;][et_pb_fullwidth_header title=&#8221;Scientific instrument services (SIS)&#8221; subhead=&#8221;Adaptas Solutions&#8221; header_fullscreen=&#8221;off&#8221; header_image_url=&#8221;https:\/\/bcp-instruments.com\/wp-content\/uploads\/2025\/07\/SIS_Adaptas-Solutions-300&#215;83.webp&#8221; _builder_version=&#8221;4.27.4&#8243; _module_preset=&#8221;76490f20-dc9f-4b7e-bc88-dd179485a683&#8243; title_level=&#8221;h1&#8243; background_image=&#8221;https:\/\/bcp-instruments.com\/wp-content\/uploads\/2022\/10\/lucas-vasques-9vnACvX2748-unsplash-1024&#215;683.jpeg&#8221; global_colors_info=&#8221;{}&#8221; scroll_down_icon_size__hover_enabled=&#8221;on|hover&#8221;]<\/p>\n<p>Reliable mass spectrometry and chromatography consumables for optimum performance in your analytical processes.<\/p>\n<p>&nbsp;<\/p>\n<p>[\/et_pb_fullwidth_header][\/et_pb_section][et_pb_section fb_built=&#8221;1&#8243; specialty=&#8221;on&#8221; _builder_version=&#8221;4.27.4&#8243; _module_preset=&#8221;default&#8221; da_disable_devices=&#8221;off|off|off&#8221; global_colors_info=&#8221;{}&#8221; da_is_popup=&#8221;off&#8221; da_exit_intent=&#8221;off&#8221; da_has_close=&#8221;on&#8221; da_alt_close=&#8221;off&#8221; da_dark_close=&#8221;off&#8221; da_not_modal=&#8221;on&#8221; da_is_singular=&#8221;off&#8221; da_with_loader=&#8221;off&#8221; da_has_shadow=&#8221;on&#8221;][et_pb_column type=&#8221;2_3&#8243; specialty_columns=&#8221;2&#8243; _builder_version=&#8221;4.16&#8243; custom_padding=&#8221;|||&#8221; global_colors_info=&#8221;{}&#8221; custom_padding__hover=&#8221;|||&#8221;][et_pb_row_inner _builder_version=&#8221;4.27.3&#8243; _module_preset=&#8221;default&#8221; global_colors_info=&#8221;{}&#8221;][et_pb_column_inner saved_specialty_column_type=&#8221;2_3&#8243; _builder_version=&#8221;4.27.3&#8243; _module_preset=&#8221;default&#8221; global_colors_info=&#8221;{}&#8221;][et_pb_text _builder_version=&#8221;4.27.4&#8243; _module_preset=&#8221;default&#8221; hover_enabled=&#8221;0&#8243; sticky_enabled=&#8221;0&#8243;]<\/p>\n<h2>SIS\/Adaptas Solutions, le leader des produits et services pour la spectrom\u00e9trie de masse<\/h2>\n<p>La soci\u00e9t\u00e9 am\u00e9ricaine SIS, Scientific Instrument Services, est une entreprise sp\u00e9cialis\u00e9e dans la fourniture de produits et services pour la spectrom\u00e9trie de masse. Elle a pour mission de vous accompagner dans vos projets de recherche et de d\u00e9veloppement en vous offrant des solutions adapt\u00e9es \u00e0 vos besoins et \u00e0 votre budget. La soci\u00e9t\u00e9 s\u2019appuie sur les valeurs de\u00a0qualit\u00e9,\u00a0innovation, et\u00a0satisfaction client.<\/p>\n<p>C&#8217;est une division de <strong>Adaptas Solutions<\/strong> qui fait partie du groupe <strong>IMI Precision Engineering<\/strong>. Ses ateliers de fabrication sont situ\u00e9s \u00e0 Palmer (MA) et Pipersville (PA).<\/p>\n<h3>Expertise depuis plus de 30 ans<\/h3>\n<p>Depuis plus de 30 ans, SIS d\u00e9veloppe, fabrique et distribue des fournitures pour les laboratoires de spectrom\u00e9trie de masse, \u00e9quip\u00e9s \u00e9galement en chromatographie en phase gazeuse et\/ou liquide.<\/p>\n<h3>Filaments de pr\u00e9cision pour spectrom\u00e8tres de masse (MS)<\/h3>\n<p>Elle fabrique et <span style=\"font-weight: 400\"> <span style=\"text-decoration: underline\"><a href=\"https:\/\/bcp-instruments.com\/reparation-filament\/\" target=\"_blank\" rel=\"noopener\">r\u00e9pare<\/a><\/span> <\/span> notamment de nombreux filaments pour les spectrom\u00e8tres de masse ainsi que d\u2019autres pi\u00e8ces d\u00e9tach\u00e9es pour divers instruments de mesure utilis\u00e9s par la communaut\u00e9 scientifique. C&#8217;est aussi gr\u00e2ce \u00e0 ses \u00e9quipements bien sp\u00e9cifiques pour la soudure, le sablage, l\u2019\u00e9lectropolissage et le nettoyage que SIS est capable de fabriquer ces pi\u00e8ces de grande pr\u00e9cision.<\/p>\n<p>Cette division de Adaptas Solutions travaille en \u00e9troite collaboration avec ses partenaires, qui sont des leaders mondiaux dans la fabrication de machines et de logiciels de spectrom\u00e9trie de masse.<\/p>\n<p>Elle compte parmi ses clients des laboratoires de recherche, des universit\u00e9s, des industries, et des organismes publics. Ses \u00e9quipes sont compos\u00e9es de professionnels qualifi\u00e9s et exp\u00e9riment\u00e9s dans le domaine de la spectrom\u00e9trie de masse.<\/p>\n<p>Scientific Instrument Services est certifi\u00e9e <strong>ISO 9001<\/strong>.<\/p>\n<h3>Partenariat avec BCP Instruments<\/h3>\n<p>BCP Instruments repr\u00e9sente la soci\u00e9t\u00e9 SIS en France depuis 1989. Ce partenariat nous permet de vous proposer un <strong>service de grande qualit\u00e9<\/strong> et de b\u00e9n\u00e9ficier d\u2019une \u00e9coute attentive de la part de SIS.<\/p>\n<p>Nous vous invitons \u00e0 nous contacter pour plus d\u2019informations sur nos produits et nos services, ou \u00e0 visiter les site internets de SIS\u00a0et Adaptas Solutions.<\/p>\n<p>[\/et_pb_text][\/et_pb_column_inner][\/et_pb_row_inner][\/et_pb_column][et_pb_column type=&#8221;1_3&#8243; _builder_version=&#8221;4.16&#8243; custom_padding=&#8221;|||&#8221; global_colors_info=&#8221;{}&#8221; custom_padding__hover=&#8221;|||&#8221;][et_pb_text _builder_version=&#8221;4.27.4&#8243; _module_preset=&#8221;default&#8221; hover_enabled=&#8221;0&#8243; global_colors_info=&#8221;{}&#8221; sticky_enabled=&#8221;0&#8243;]<\/p>\n<h3>T\u00e9l\u00e9charger les accr\u00e9ditations (pdf) :<\/h3>\n<p>[\/et_pb_text][et_pb_image src=&#8221;https:\/\/bcp-instruments.com\/wp-content\/uploads\/2022\/10\/SIS-ISO-9001-2015-Certification-2022-American-1-1.png&#8221; title_text=&#8221;SIS ISO 9001 2015 Certification &#8211; 2022 &#8211; American (1)-1&#8243; url=&#8221;https:\/\/bcp-instruments.com\/wp-content\/uploads\/2024\/03\/ISO-9001-2015-Certification-2026-SIS-ADAPTAS.pdf&#8221; _builder_version=&#8221;4.27.4&#8243; _module_preset=&#8221;28292adc-2611-4c4e-a5b1-73132c3edf8b&#8221; locked=&#8221;off&#8221; global_colors_info=&#8221;{}&#8221; hover_enabled=&#8221;0&#8243; sticky_enabled=&#8221;0&#8243;][\/et_pb_image][et_pb_button button_url=&#8221;@ET-DC@eyJkeW5hbWljIjp0cnVlLCJjb250ZW50IjoicG9zdF9saW5rX3VybF9hdHRhY2htZW50Iiwic2V0dGluZ3MiOnsicG9zdF9pZCI6IjE0MTg1IiwiZW5hYmxlX2h0bWwiOiJvZmYifX0=@&#8221; button_text=&#8221;ISO 9001:2015&#8243; _builder_version=&#8221;4.27.4&#8243; _dynamic_attributes=&#8221;button_url&#8221; _module_preset=&#8221;15f27f50-6a79-4bab-a291-b9808f228a2e&#8221; global_colors_info=&#8221;{}&#8221;][\/et_pb_button][\/et_pb_column][\/et_pb_section][et_pb_section fb_built=&#8221;1&#8243; fullwidth=&#8221;on&#8221; _builder_version=&#8221;4.27.4&#8243; _module_preset=&#8221;default&#8221; background_image=&#8221;https:\/\/bcp-instruments.com\/wp-content\/uploads\/2022\/10\/hans-reniers-lQGJCMY5qcM-unsplash-1024&#215;683.jpeg&#8221; da_disable_devices=&#8221;off|off|off&#8221; global_colors_info=&#8221;{}&#8221; da_is_popup=&#8221;off&#8221; da_exit_intent=&#8221;off&#8221; da_has_close=&#8221;on&#8221; da_alt_close=&#8221;off&#8221; da_dark_close=&#8221;off&#8221; da_not_modal=&#8221;on&#8221; da_is_singular=&#8221;off&#8221; da_with_loader=&#8221;off&#8221; da_has_shadow=&#8221;on&#8221;][et_pb_fullwidth_header title=&#8221;SIS by Adaptas Solutions&#8221; text_orientation=&#8221;center&#8221; logo_image_url=&#8221;https:\/\/bcp-instruments.com\/wp-content\/uploads\/2025\/07\/SIS_Adaptas-Solutions-300&#215;83.webp&#8221; _builder_version=&#8221;4.27.4&#8243; _module_preset=&#8221;default&#8221; content_link_text_color=&#8221;#000000&#8243; background_color=&#8221;#d3dae4&#8243; use_background_color_gradient=&#8221;on&#8221; background_color_gradient_stops=&#8221;rgba(85,105,135,0.1) 0%|#325487 100%&#8221; background_color_gradient_overlays_image=&#8221;on&#8221; background_color_gradient_start=&#8221;rgba(85,105,135,0.1)&#8221; background_color_gradient_end=&#8221;#325487&#8243; background_image=&#8221;https:\/\/bcp-instruments.com\/wp-content\/uploads\/2022\/10\/lucas-vasques-9vnACvX2748-unsplash-1024&#215;683.jpeg&#8221; parallax=&#8221;on&#8221; border_width_all_image=&#8221;1px&#8221; border_color_all_image=&#8221;#FFFFFF&#8221; global_colors_info=&#8221;{}&#8221;]<\/p>\n<p>More information on <a href=\"https:\/\/www.sisweb.com\/\" target=\"_blank\" rel=\"noopener\" title=\"Scientific Instrument Services\">SIS.com<\/a> and <a href=\"https:\/\/www.adaptas.com\/\" target=\"_blank\" rel=\"noopener\" title=\"Adaptas Solutions\">Adaptas.com<\/a><\/p>\n<p>[\/et_pb_fullwidth_header][\/et_pb_section]<\/p>\n","protected":false},"excerpt":{"rendered":"<p>Reliable mass spectrometry and chromatography consumables for optimum performance in your analytical processes. &nbsp;SIS\/Adaptas Solutions, le leader des produits et services pour la spectrom\u00e9trie de masse La soci\u00e9t\u00e9 am\u00e9ricaine SIS, Scientific Instrument Services, est une entreprise sp\u00e9cialis\u00e9e dans la fourniture de produits et services pour la spectrom\u00e9trie de masse. Elle a pour mission de vous [&hellip;]<\/p>\n","protected":false},"author":17,"featured_media":0,"parent":7900,"menu_order":6,"comment_status":"closed","ping_status":"closed","template":"","meta":{"_et_pb_use_builder":"on","_et_pb_old_content":"","_et_gb_content_width":"","footnotes":""},"class_list":["post-9872","page","type-page","status-publish","hentry"],"yoast_head":"<!-- This site is optimized with the Yoast SEO Premium plugin v27.3 (Yoast SEO v27.3) - https:\/\/yoast.com\/product\/yoast-seo-premium-wordpress\/ -->\n<title>SIS - SIS by Adaptas - BCP Instruments<\/title>\n<meta name=\"description\" content=\"Our partner SIS is a division of Adaptas Solutions. The group is a leader in mass spectrometry products and services.\" \/>\n<meta name=\"robots\" content=\"index, follow, max-snippet:-1, max-image-preview:large, max-video-preview:-1\" \/>\n<link rel=\"canonical\" href=\"https:\/\/bcp-instruments.com\/en\/home\/scientific-instrument-services\/\" \/>\n<meta property=\"og:locale\" content=\"en_US\" \/>\n<meta property=\"og:type\" content=\"article\" \/>\n<meta property=\"og:title\" content=\"SIS by Adaptas\" \/>\n<meta property=\"og:description\" content=\"Our partner SIS is a division of Adaptas Solutions. The group is a leader in mass spectrometry products and services.\" \/>\n<meta property=\"og:url\" content=\"https:\/\/bcp-instruments.com\/en\/home\/scientific-instrument-services\/\" \/>\n<meta property=\"og:site_name\" content=\"BCP Instruments\" \/>\n<meta property=\"article:modified_time\" content=\"2026-03-19T01:22:36+00:00\" \/>\n<meta name=\"twitter:card\" content=\"summary_large_image\" \/>\n<meta name=\"twitter:label1\" content=\"Est. reading time\" \/>\n\t<meta name=\"twitter:data1\" content=\"5 minutes\" \/>\n<script type=\"application\/ld+json\" class=\"yoast-schema-graph\">{\"@context\":\"https:\\\/\\\/schema.org\",\"@graph\":[{\"@type\":\"WebPage\",\"@id\":\"https:\\\/\\\/bcp-instruments.com\\\/en\\\/home\\\/scientific-instrument-services\\\/\",\"url\":\"https:\\\/\\\/bcp-instruments.com\\\/en\\\/home\\\/scientific-instrument-services\\\/\",\"name\":\"SIS - SIS by Adaptas - BCP Instruments\",\"isPartOf\":{\"@id\":\"https:\\\/\\\/bcp-instruments.com\\\/en\\\/#website\"},\"datePublished\":\"2022-03-07T10:00:00+00:00\",\"dateModified\":\"2026-03-19T01:22:36+00:00\",\"description\":\"Our partner SIS is a division of Adaptas Solutions. The group is a leader in mass spectrometry products and services.\",\"breadcrumb\":{\"@id\":\"https:\\\/\\\/bcp-instruments.com\\\/en\\\/home\\\/scientific-instrument-services\\\/#breadcrumb\"},\"inLanguage\":\"en-US\",\"potentialAction\":[{\"@type\":\"ReadAction\",\"target\":[\"https:\\\/\\\/bcp-instruments.com\\\/en\\\/home\\\/scientific-instrument-services\\\/\"]}]},{\"@type\":\"BreadcrumbList\",\"@id\":\"https:\\\/\\\/bcp-instruments.com\\\/en\\\/home\\\/scientific-instrument-services\\\/#breadcrumb\",\"itemListElement\":[{\"@type\":\"ListItem\",\"position\":1,\"name\":\"Accueil\",\"item\":\"https:\\\/\\\/bcp-instruments.com\\\/en\\\/\"},{\"@type\":\"ListItem\",\"position\":2,\"name\":\"BCP Instruments\",\"item\":\"https:\\\/\\\/bcp-instruments.com\\\/en\\\/\"},{\"@type\":\"ListItem\",\"position\":3,\"name\":\"SIS by Adaptas\"}]},{\"@type\":\"WebSite\",\"@id\":\"https:\\\/\\\/bcp-instruments.com\\\/en\\\/#website\",\"url\":\"https:\\\/\\\/bcp-instruments.com\\\/en\\\/\",\"name\":\"BCP Instruments\",\"description\":\"\",\"publisher\":{\"@id\":\"https:\\\/\\\/bcp-instruments.com\\\/en\\\/#organization\"},\"potentialAction\":[{\"@type\":\"SearchAction\",\"target\":{\"@type\":\"EntryPoint\",\"urlTemplate\":\"https:\\\/\\\/bcp-instruments.com\\\/en\\\/?s={search_term_string}\"},\"query-input\":{\"@type\":\"PropertyValueSpecification\",\"valueRequired\":true,\"valueName\":\"search_term_string\"}}],\"inLanguage\":\"en-US\"},{\"@type\":\"Organization\",\"@id\":\"https:\\\/\\\/bcp-instruments.com\\\/en\\\/#organization\",\"name\":\"BCP Instruments\",\"url\":\"https:\\\/\\\/bcp-instruments.com\\\/en\\\/\",\"logo\":{\"@type\":\"ImageObject\",\"inLanguage\":\"en-US\",\"@id\":\"https:\\\/\\\/bcp-instruments.com\\\/en\\\/#\\\/schema\\\/logo\\\/image\\\/\",\"url\":\"https:\\\/\\\/bcp-instruments.com\\\/wp-content\\\/uploads\\\/2024\\\/01\\\/BCP-Instruments-2.webp\",\"contentUrl\":\"https:\\\/\\\/bcp-instruments.com\\\/wp-content\\\/uploads\\\/2024\\\/01\\\/BCP-Instruments-2.webp\",\"width\":600,\"height\":600,\"caption\":\"BCP Instruments\"},\"image\":{\"@id\":\"https:\\\/\\\/bcp-instruments.com\\\/en\\\/#\\\/schema\\\/logo\\\/image\\\/\"},\"sameAs\":[\"https:\\\/\\\/fr.linkedin.com\\\/company\\\/bcp-instruments\"],\"email\":\"contact@bcp-instruments.com\",\"telephone\":\"0472497265\",\"legalName\":\"BCP INSTRUMENTS\",\"taxID\":\"34296872400043\",\"numberOfEmployees\":{\"@type\":\"QuantitativeValue\",\"minValue\":\"1\",\"maxValue\":\"10\"}}]}<\/script>\n<!-- \/ Yoast SEO Premium plugin. -->","yoast_head_json":{"title":"SIS - SIS by Adaptas - BCP Instruments","description":"Our partner SIS is a division of Adaptas Solutions. The group is a leader in mass spectrometry products and services.","robots":{"index":"index","follow":"follow","max-snippet":"max-snippet:-1","max-image-preview":"max-image-preview:large","max-video-preview":"max-video-preview:-1"},"canonical":"https:\/\/bcp-instruments.com\/en\/home\/scientific-instrument-services\/","og_locale":"en_US","og_type":"article","og_title":"SIS by Adaptas","og_description":"Our partner SIS is a division of Adaptas Solutions. The group is a leader in mass spectrometry products and services.","og_url":"https:\/\/bcp-instruments.com\/en\/home\/scientific-instrument-services\/","og_site_name":"BCP Instruments","article_modified_time":"2026-03-19T01:22:36+00:00","twitter_card":"summary_large_image","twitter_misc":{"Est. reading time":"5 minutes"},"schema":{"@context":"https:\/\/schema.org","@graph":[{"@type":"WebPage","@id":"https:\/\/bcp-instruments.com\/en\/home\/scientific-instrument-services\/","url":"https:\/\/bcp-instruments.com\/en\/home\/scientific-instrument-services\/","name":"SIS - SIS by Adaptas - BCP Instruments","isPartOf":{"@id":"https:\/\/bcp-instruments.com\/en\/#website"},"datePublished":"2022-03-07T10:00:00+00:00","dateModified":"2026-03-19T01:22:36+00:00","description":"Our partner SIS is a division of Adaptas Solutions. The group is a leader in mass spectrometry products and services.","breadcrumb":{"@id":"https:\/\/bcp-instruments.com\/en\/home\/scientific-instrument-services\/#breadcrumb"},"inLanguage":"en-US","potentialAction":[{"@type":"ReadAction","target":["https:\/\/bcp-instruments.com\/en\/home\/scientific-instrument-services\/"]}]},{"@type":"BreadcrumbList","@id":"https:\/\/bcp-instruments.com\/en\/home\/scientific-instrument-services\/#breadcrumb","itemListElement":[{"@type":"ListItem","position":1,"name":"Accueil","item":"https:\/\/bcp-instruments.com\/en\/"},{"@type":"ListItem","position":2,"name":"BCP Instruments","item":"https:\/\/bcp-instruments.com\/en\/"},{"@type":"ListItem","position":3,"name":"SIS by Adaptas"}]},{"@type":"WebSite","@id":"https:\/\/bcp-instruments.com\/en\/#website","url":"https:\/\/bcp-instruments.com\/en\/","name":"BCP Instruments","description":"","publisher":{"@id":"https:\/\/bcp-instruments.com\/en\/#organization"},"potentialAction":[{"@type":"SearchAction","target":{"@type":"EntryPoint","urlTemplate":"https:\/\/bcp-instruments.com\/en\/?s={search_term_string}"},"query-input":{"@type":"PropertyValueSpecification","valueRequired":true,"valueName":"search_term_string"}}],"inLanguage":"en-US"},{"@type":"Organization","@id":"https:\/\/bcp-instruments.com\/en\/#organization","name":"BCP Instruments","url":"https:\/\/bcp-instruments.com\/en\/","logo":{"@type":"ImageObject","inLanguage":"en-US","@id":"https:\/\/bcp-instruments.com\/en\/#\/schema\/logo\/image\/","url":"https:\/\/bcp-instruments.com\/wp-content\/uploads\/2024\/01\/BCP-Instruments-2.webp","contentUrl":"https:\/\/bcp-instruments.com\/wp-content\/uploads\/2024\/01\/BCP-Instruments-2.webp","width":600,"height":600,"caption":"BCP Instruments"},"image":{"@id":"https:\/\/bcp-instruments.com\/en\/#\/schema\/logo\/image\/"},"sameAs":["https:\/\/fr.linkedin.com\/company\/bcp-instruments"],"email":"contact@bcp-instruments.com","telephone":"0472497265","legalName":"BCP INSTRUMENTS","taxID":"34296872400043","numberOfEmployees":{"@type":"QuantitativeValue","minValue":"1","maxValue":"10"}}]}},"_links":{"self":[{"href":"https:\/\/bcp-instruments.com\/en\/wp-json\/wp\/v2\/pages\/9872","targetHints":{"allow":["GET"]}}],"collection":[{"href":"https:\/\/bcp-instruments.com\/en\/wp-json\/wp\/v2\/pages"}],"about":[{"href":"https:\/\/bcp-instruments.com\/en\/wp-json\/wp\/v2\/types\/page"}],"author":[{"embeddable":true,"href":"https:\/\/bcp-instruments.com\/en\/wp-json\/wp\/v2\/users\/17"}],"replies":[{"embeddable":true,"href":"https:\/\/bcp-instruments.com\/en\/wp-json\/wp\/v2\/comments?post=9872"}],"version-history":[{"count":74,"href":"https:\/\/bcp-instruments.com\/en\/wp-json\/wp\/v2\/pages\/9872\/revisions"}],"predecessor-version":[{"id":41640,"href":"https:\/\/bcp-instruments.com\/en\/wp-json\/wp\/v2\/pages\/9872\/revisions\/41640"}],"up":[{"embeddable":true,"href":"https:\/\/bcp-instruments.com\/en\/wp-json\/wp\/v2\/pages\/7900"}],"wp:attachment":[{"href":"https:\/\/bcp-instruments.com\/en\/wp-json\/wp\/v2\/media?parent=9872"}],"curies":[{"name":"wp","href":"https:\/\/api.w.org\/{rel}","templated":true}]}}