{"id":9866,"date":"2023-02-24T10:00:00","date_gmt":"2023-02-24T10:00:00","guid":{"rendered":"https:\/\/bcp-instruments.com\/imtakt\/"},"modified":"2026-03-18T11:48:03","modified_gmt":"2026-03-18T11:48:03","slug":"imtakt","status":"publish","type":"page","link":"https:\/\/bcp-instruments.com\/en\/home\/imtakt\/","title":{"rendered":"Imtakt"},"content":{"rendered":"<p>[et_pb_section fb_built=&#8221;1&#8243; fullwidth=&#8221;on&#8221; _builder_version=&#8221;4.27.4&#8243; _module_preset=&#8221;default&#8221; background_image=&#8221;https:\/\/bcp-instruments.com\/wp-content\/uploads\/2022\/10\/hans-reniers-lQGJCMY5qcM-unsplash-1024&#215;683.jpeg&#8221; da_disable_devices=&#8221;off|off|off&#8221; global_colors_info=&#8221;{}&#8221; da_is_popup=&#8221;off&#8221; da_exit_intent=&#8221;off&#8221; da_has_close=&#8221;on&#8221; da_alt_close=&#8221;off&#8221; da_dark_close=&#8221;off&#8221; da_not_modal=&#8221;on&#8221; da_is_singular=&#8221;off&#8221; da_with_loader=&#8221;off&#8221; da_has_shadow=&#8221;on&#8221;][et_pb_fullwidth_header title=&#8221;Imtakt Corporation&#8221; subhead=&#8221;Exceptional HPLC columns for your multiple applications&#8221; header_image_url=&#8221;https:\/\/bcp-instruments.com\/wp-content\/uploads\/2025\/07\/IMTAKT-Corp-300&#215;63.webp&#8221; _builder_version=&#8221;4.27.4&#8243; _module_preset=&#8221;c6c7e0d1-cfa5-42b6-a435-0c551d3716a5&#8243; title_font=&#8221;|600||on|||||&#8221; background_image=&#8221;https:\/\/bcp-instruments.com\/wp-content\/uploads\/2022\/10\/hans-reniers-lQGJCMY5qcM-unsplash-1024&#215;683.jpeg&#8221; global_colors_info=&#8221;{}&#8221;]<\/p>\n<p>D\u00e9couvrez IMTAKT Corporation, pionnier japonais de la chromatographie liquide, qui repousse sans cesse les limites de la s\u00e9paration analytique gr\u00e2ce \u00e0 ses phases stationnaires innovantes et ses colonnes HPLC de haute performance. V\u00e9ritables partenaires des laboratoires du monde entier, les solutions IMTAKT allient s\u00e9lectivit\u00e9, robustesse et compatibilit\u00e9 LC-MS, pour r\u00e9pondre aux exigences les plus pointues en chimie, biochimie et pharmaceutique.<\/p>\n<p>[\/et_pb_fullwidth_header][\/et_pb_section][et_pb_section fb_built=&#8221;1&#8243; admin_label=&#8221;Section&#8221; _builder_version=&#8221;4.27.0&#8243; _module_preset=&#8221;default&#8221; da_disable_devices=&#8221;off|off|off&#8221; global_colors_info=&#8221;{}&#8221; da_is_popup=&#8221;off&#8221; da_exit_intent=&#8221;off&#8221; da_has_close=&#8221;on&#8221; da_alt_close=&#8221;off&#8221; da_dark_close=&#8221;off&#8221; da_not_modal=&#8221;on&#8221; da_is_singular=&#8221;off&#8221; da_with_loader=&#8221;off&#8221; da_has_shadow=&#8221;on&#8221;][et_pb_row _builder_version=&#8221;4.18.0&#8243; _module_preset=&#8221;default&#8221; locked=&#8221;off&#8221; global_colors_info=&#8221;{}&#8221;][et_pb_column type=&#8221;4_4&#8243; _builder_version=&#8221;4.16&#8243; _module_preset=&#8221;default&#8221; global_colors_info=&#8221;{}&#8221;][et_pb_text _builder_version=&#8221;4.27.4&#8243; _module_preset=&#8221;_initial&#8221; global_colors_info=&#8221;{}&#8221;]<\/p>\n<h2>Imtakt : pionnier des technologies de s\u00e9paration en chromatographie HPLC<\/h2>\n<p>Monsieur Yazawa Itaru et la famille Noriuchi ont fond\u00e9 Imtakt Corporation, une soci\u00e9t\u00e9 japonaise, il y a plus de quinze ans. Bas\u00e9e \u00e0 Kyoto, au nord-est d\u2019Osaka, cette entreprise se sp\u00e9cialise dans la fabrication de colonnes HPLC. La chromatographie liquide \u00e0 haute performance est une technique de s\u00e9paration de mol\u00e9cules pr\u00e9sentes dans un m\u00e9lange.<\/p>\n<p>Imtakt se distingue par ses phases stationnaires uniques. En effet, elles offrent une s\u00e9lectivit\u00e9 et une r\u00e9solution optimales pour l\u2019analyse des compos\u00e9s complexes, tels que les acides amin\u00e9s, les prot\u00e9ines, les vitamines, les st\u00e9ro\u00efdes, les saccharides, etc.<\/p>\n<p>Divers domaines utilisent ses colonnes HPLC, tels que la LC-MS, la pharmacologie, la cosm\u00e9tique, l\u2019agro-alimentaire ou l\u2019environnement. Elles sont \u00e9galement tr\u00e8s stables dans le temps et disponibles dans diff\u00e9rentes dimensions (de 0.75 \u00e0 28mm de diam\u00e8tre interne et de 10 \u00e0 500mm de longueur) et granulom\u00e9tries (2, 3 ou 5 \u00b5m).<\/p>\n<p>BCP Instruments est le distributeur exclusif de l&#8217;ensemble des gammes pour la France, depuis plus de 15 ans.<\/p>\n<p>[\/et_pb_text][et_pb_text _builder_version=&#8221;4.27.5&#8243; _module_preset=&#8221;default&#8221; hover_enabled=&#8221;0&#8243; global_colors_info=&#8221;{}&#8221; sticky_enabled=&#8221;0&#8243;]<\/p>\n<h3>Les phases stationnaires<\/h3>\n<p>Imtakt innove en mati\u00e8re de technologies de s\u00e9paration avanc\u00e9es pour la chromatographie HPLC :<\/p>\n<ul>\n<li><a href=\"https:\/\/bcp-instruments.com\/pieces-detachees-autres-consommables\/chromatographie-liquide\/imtakt-colonnes-hplc\/#scherzo\" title=\"Scherzo\">Scherzo<\/a> : les colonnes ODS* multimode s\u00e9parent des compos\u00e9s en fonction de leurs interactions avec diff\u00e9rentes phases stationnaires.<\/li>\n<li><a href=\"https:\/\/bcp-instruments.com\/pieces-detachees-autres-consommables\/chromatographie-liquide\/imtakt-colonnes-hplc\/#intrada\" title=\"Intrada\">Intrada<\/a>\u00a0: la gamme de colonnes sp\u00e9cialis\u00e9e pour la s\u00e9paration des &#8220;sciences de la vie&#8221;, prot\u00e9ines, acides amin\u00e9s, silice et acides organiques.<\/li>\n<li><a href=\"https:\/\/bcp-instruments.com\/pieces-detachees-autres-consommables\/chromatographie-liquide\/imtakt-colonnes-hplc\/#cadenza\" title=\"Cadenza\">Cadenza<\/a> : la gamme de colonnes ODS* \u00e0 s\u00e9lectivit\u00e9 variable, basse pression et haute r\u00e9solution (3\u03bcm) ou ODS multifonctionnel.<\/li>\n<li><a href=\"https:\/\/bcp-instruments.com\/pieces-detachees-autres-consommables\/chromatographie-liquide\/imtakt-colonnes-hplc\/#presto\" title=\"Presto\">Presto<\/a>\u00a0: ODS non poreux \u00e0 haute r\u00e9solution (2\u03bcm).<\/li>\n<li><a href=\"https:\/\/bcp-instruments.com\/pieces-detachees-autres-consommables\/chromatographie-liquide\/imtakt-colonnes-hplc\/#unison\" title=\"Unison\">Unison<\/a> : la gamme standard de la prochaine g\u00e9n\u00e9ration (3\u03bcm), basse pression et haute r\u00e9solution (3\u03bcm), phase fixe traditionnelle.<\/li>\n<li><a href=\"https:\/\/bcp-instruments.com\/pieces-detachees-autres-consommables\/chromatographie-liquide\/imtakt-colonnes-hplc\/#dacapo\" title=\"Dacapo\">Dacapo<\/a> : la colonne Dual-Matrix en silice\/polym\u00e8re.<\/li>\n<li><a href=\"https:\/\/www.imtaktusa.com\/products\/Nardis\/\" target=\"_blank\" rel=\"noopener\" title=\"Nardis\">Nardis<\/a> : la colonne avec interactions multimodales distinctives.<\/li>\n<\/ul>\n<p>* Octadecylsilane est une phase stationnaire hydrophobe, compos\u00e9e de silice, qui permet la s\u00e9paration des compos\u00e9s. On l\u2019utilise dans les colonnes de chromatographie en phase inverse.<\/p>\n<p>Retrouvez l&#8217;ensemble des gammes sur notre <a href=\"https:\/\/bcp-instruments.com\/pieces-detachees-autres-consommables\/chromatographie-liquide\/imtakt-colonnes-hplc\/\" title=\"Colonnes HPLC d'Imtakt\">page d\u00e9di\u00e9e<\/a> \u00e0 l&#8217;HPLC\u00a0et \u00e9galement sur le site <a href=\"https:\/\/www.imtaktusa.com\/products\/\" target=\"_blank\" rel=\"noopener\" title=\"Imtakt - USA\">Imtakt &#8211; USA<\/a> (en anglais).<\/p>\n<p>[\/et_pb_text][\/et_pb_column][\/et_pb_row][et_pb_row _builder_version=&#8221;4.27.4&#8243; _module_preset=&#8221;default&#8221; global_colors_info=&#8221;{}&#8221;][et_pb_column type=&#8221;4_4&#8243; _builder_version=&#8221;4.27.4&#8243; _module_preset=&#8221;default&#8221; global_colors_info=&#8221;{}&#8221;][et_pb_text module_id=&#8221;#outilshplc&#8221; _builder_version=&#8221;4.27.4&#8243; _module_preset=&#8221;default&#8221; global_colors_info=&#8221;{}&#8221;]<\/p>\n<h2>Imtakt is also developing powerful tools dedicated to HPLC<\/h2>\n<p>To facilitate the selection, use and optimisation of its HPLC columns, Imtakt offers several free <a href=\"https:\/\/www.imtakt.net\/global\/php\/toolsEN.htm\" target=\"_blank\" rel=\"noopener\" title=\"Imtakt HPLC tools\">tools<\/a>, developed by Yazawa Itaru. They include:<\/p>\n<ul>\n<li style=\"list-style-type: none\">\n<ul>\n<li><a href=\"https:\/\/www.imtakt.net\/global\/php\/PressureMainEN.php\" target=\"_blank\" rel=\"noopener\" title=\"Column pressure unit converter\"> Column pressure unitconverter<\/a>: to easily convert a pressure value fromone unit to another<\/li>\n<li><a href=\"http:\/\/imtakt.net\/global\/php\/SampleSolnMainEN.php\" target=\"_blank\" rel=\"noopener\">Sample concentration calculator:<\/a> to determine the quantity of sample to inject according to the type of column and analysis mode.<\/li>\n<li><a href=\"https:\/\/www.imtakt.net\/global\/php\/ConcnConvMainEN.php\" target=\"_blank\" rel=\"noopener\" title=\"Concentration unit converter\">Concentration unit converter:<\/a> for precise preparation of solutions<\/li>\n<li><a href=\"https:\/\/www.imtakt.net\/global\/php\/DilutionMainEN.php\" target=\"_blank\" rel=\"noopener\" title=\"Dilution solution calculator\">Dilution solution calculator<\/a><\/li>\n<li><a href=\"https:\/\/www.imtakt.net\/global\/php\/LCsimuMainEN.php\" target=\"_blank\" rel=\"noopener\" title=\"Peak separation simulator\">Peak separation simulator<\/a><\/li>\n<li><a href=\"https:\/\/www.imtakt.net\/global\/php\/LoadingMainEN.php\" target=\"_blank\" rel=\"noopener\" title=\"Column load quantity calculator\">Column load quantity calculator:<\/a> to calculate the volume or loading quantity of the column when the internal diameter of the column is modified<\/li>\n<\/ul>\n<\/li>\n<\/ul>\n<p>Finally, Imtakt provides a <a href=\"https:\/\/www.imtakt.com\/DB\/\" target=\"_blank\" rel=\"noopener\" title=\"application database\">database<\/a> of HPLC column applications.<\/p>\n<p>[\/et_pb_text][\/et_pb_column][\/et_pb_row][\/et_pb_section][et_pb_section fb_built=&#8221;1&#8243; fullwidth=&#8221;on&#8221; _builder_version=&#8221;4.27.4&#8243; _module_preset=&#8221;default&#8221; background_image=&#8221;https:\/\/bcp-instruments.com\/wp-content\/uploads\/2022\/10\/hans-reniers-lQGJCMY5qcM-unsplash-1024&#215;683.jpeg&#8221; da_disable_devices=&#8221;off|off|off&#8221; global_colors_info=&#8221;{}&#8221; da_is_popup=&#8221;off&#8221; da_exit_intent=&#8221;off&#8221; da_has_close=&#8221;on&#8221; da_alt_close=&#8221;off&#8221; da_dark_close=&#8221;off&#8221; da_not_modal=&#8221;on&#8221; da_is_singular=&#8221;off&#8221; da_with_loader=&#8221;off&#8221; da_has_shadow=&#8221;on&#8221;][et_pb_fullwidth_header title=&#8221;Imtakt Corporation&#8221; text_orientation=&#8221;center&#8221; logo_image_url=&#8221;https:\/\/bcp-instruments.com\/wp-content\/uploads\/2024\/10\/Imtakt_Logo.webp&#8221; _builder_version=&#8221;4.27.4&#8243; _module_preset=&#8221;default&#8221; content_link_text_color=&#8221;#000000&#8243; background_color=&#8221;#d3dae4&#8243; use_background_color_gradient=&#8221;on&#8221; background_color_gradient_stops=&#8221;rgba(85,105,135,0.1) 0%|#325487 100%&#8221; background_color_gradient_overlays_image=&#8221;on&#8221; background_color_gradient_start=&#8221;rgba(85,105,135,0.1)&#8221; background_color_gradient_end=&#8221;#325487&#8243; background_image=&#8221;https:\/\/bcp-instruments.com\/wp-content\/uploads\/2022\/10\/hans-reniers-lQGJCMY5qcM-unsplash-1024&#215;683.jpeg&#8221; parallax=&#8221;on&#8221; border_width_all_image=&#8221;1px&#8221; border_color_all_image=&#8221;#FFFFFF&#8221; global_colors_info=&#8221;{}&#8221;]<\/p>\n<p>More information on <a href=\"https:\/\/www.imtaktusa.com\/products\/\" target=\"_blank\" rel=\"noopener\" title=\"Imtakt\">Imtaktusa.com<\/a><\/p>\n<p>[\/et_pb_fullwidth_header][\/et_pb_section]<\/p>\n","protected":false},"excerpt":{"rendered":"<p>D\u00e9couvrez IMTAKT Corporation, pionnier japonais de la chromatographie liquide, qui repousse sans cesse les limites de la s\u00e9paration analytique gr\u00e2ce \u00e0 ses phases stationnaires innovantes et ses colonnes HPLC de haute performance. V\u00e9ritables partenaires des laboratoires du monde entier, les solutions IMTAKT allient s\u00e9lectivit\u00e9, robustesse et compatibilit\u00e9 LC-MS, pour r\u00e9pondre aux exigences les plus pointues [&hellip;]<\/p>\n","protected":false},"author":17,"featured_media":0,"parent":7900,"menu_order":0,"comment_status":"closed","ping_status":"closed","template":"","meta":{"_et_pb_use_builder":"on","_et_pb_old_content":"","_et_gb_content_width":"","footnotes":""},"class_list":["post-9866","page","type-page","status-publish","hentry"],"yoast_head":"<!-- This site is optimized with the Yoast SEO Premium plugin v27.3 (Yoast SEO v27.3) - https:\/\/yoast.com\/product\/yoast-seo-premium-wordpress\/ -->\n<title>Imtakt - BCP Instruments<\/title>\n<meta name=\"description\" content=\"Discover Imtakt Corporation, a Japanese company specialising in the manufacture of HPLC columns for the analysis of complex compounds.\" \/>\n<meta name=\"robots\" content=\"index, follow, max-snippet:-1, max-image-preview:large, max-video-preview:-1\" \/>\n<link rel=\"canonical\" href=\"https:\/\/bcp-instruments.com\/en\/home\/imtakt\/\" \/>\n<meta property=\"og:locale\" content=\"en_US\" \/>\n<meta property=\"og:type\" content=\"article\" \/>\n<meta property=\"og:title\" content=\"Imtakt\" \/>\n<meta property=\"og:description\" content=\"Discover Imtakt Corporation, a Japanese company specialising in the manufacture of HPLC columns for the analysis of complex compounds.\" \/>\n<meta property=\"og:url\" content=\"https:\/\/bcp-instruments.com\/en\/home\/imtakt\/\" \/>\n<meta property=\"og:site_name\" content=\"BCP Instruments\" \/>\n<meta property=\"article:modified_time\" content=\"2026-03-18T11:48:03+00:00\" \/>\n<meta name=\"twitter:card\" content=\"summary_large_image\" \/>\n<meta name=\"twitter:label1\" content=\"Est. reading time\" \/>\n\t<meta name=\"twitter:data1\" content=\"5 minutes\" \/>\n<script type=\"application\/ld+json\" class=\"yoast-schema-graph\">{\"@context\":\"https:\\\/\\\/schema.org\",\"@graph\":[{\"@type\":\"WebPage\",\"@id\":\"https:\\\/\\\/bcp-instruments.com\\\/en\\\/home\\\/imtakt\\\/\",\"url\":\"https:\\\/\\\/bcp-instruments.com\\\/en\\\/home\\\/imtakt\\\/\",\"name\":\"Imtakt - BCP Instruments\",\"isPartOf\":{\"@id\":\"https:\\\/\\\/bcp-instruments.com\\\/en\\\/#website\"},\"datePublished\":\"2023-02-24T10:00:00+00:00\",\"dateModified\":\"2026-03-18T11:48:03+00:00\",\"description\":\"Discover Imtakt Corporation, a Japanese company specialising in the manufacture of HPLC columns for the analysis of complex compounds.\",\"breadcrumb\":{\"@id\":\"https:\\\/\\\/bcp-instruments.com\\\/en\\\/home\\\/imtakt\\\/#breadcrumb\"},\"inLanguage\":\"en-US\",\"potentialAction\":[{\"@type\":\"ReadAction\",\"target\":[\"https:\\\/\\\/bcp-instruments.com\\\/en\\\/home\\\/imtakt\\\/\"]}]},{\"@type\":\"BreadcrumbList\",\"@id\":\"https:\\\/\\\/bcp-instruments.com\\\/en\\\/home\\\/imtakt\\\/#breadcrumb\",\"itemListElement\":[{\"@type\":\"ListItem\",\"position\":1,\"name\":\"Accueil\",\"item\":\"https:\\\/\\\/bcp-instruments.com\\\/en\\\/\"},{\"@type\":\"ListItem\",\"position\":2,\"name\":\"BCP Instruments\",\"item\":\"https:\\\/\\\/bcp-instruments.com\\\/en\\\/\"},{\"@type\":\"ListItem\",\"position\":3,\"name\":\"Imtakt\"}]},{\"@type\":\"WebSite\",\"@id\":\"https:\\\/\\\/bcp-instruments.com\\\/en\\\/#website\",\"url\":\"https:\\\/\\\/bcp-instruments.com\\\/en\\\/\",\"name\":\"BCP Instruments\",\"description\":\"\",\"publisher\":{\"@id\":\"https:\\\/\\\/bcp-instruments.com\\\/en\\\/#organization\"},\"potentialAction\":[{\"@type\":\"SearchAction\",\"target\":{\"@type\":\"EntryPoint\",\"urlTemplate\":\"https:\\\/\\\/bcp-instruments.com\\\/en\\\/?s={search_term_string}\"},\"query-input\":{\"@type\":\"PropertyValueSpecification\",\"valueRequired\":true,\"valueName\":\"search_term_string\"}}],\"inLanguage\":\"en-US\"},{\"@type\":\"Organization\",\"@id\":\"https:\\\/\\\/bcp-instruments.com\\\/en\\\/#organization\",\"name\":\"BCP Instruments\",\"url\":\"https:\\\/\\\/bcp-instruments.com\\\/en\\\/\",\"logo\":{\"@type\":\"ImageObject\",\"inLanguage\":\"en-US\",\"@id\":\"https:\\\/\\\/bcp-instruments.com\\\/en\\\/#\\\/schema\\\/logo\\\/image\\\/\",\"url\":\"https:\\\/\\\/bcp-instruments.com\\\/wp-content\\\/uploads\\\/2024\\\/01\\\/BCP-Instruments-2.webp\",\"contentUrl\":\"https:\\\/\\\/bcp-instruments.com\\\/wp-content\\\/uploads\\\/2024\\\/01\\\/BCP-Instruments-2.webp\",\"width\":600,\"height\":600,\"caption\":\"BCP Instruments\"},\"image\":{\"@id\":\"https:\\\/\\\/bcp-instruments.com\\\/en\\\/#\\\/schema\\\/logo\\\/image\\\/\"},\"sameAs\":[\"https:\\\/\\\/fr.linkedin.com\\\/company\\\/bcp-instruments\"],\"email\":\"contact@bcp-instruments.com\",\"telephone\":\"0472497265\",\"legalName\":\"BCP INSTRUMENTS\",\"taxID\":\"34296872400043\",\"numberOfEmployees\":{\"@type\":\"QuantitativeValue\",\"minValue\":\"1\",\"maxValue\":\"10\"}}]}<\/script>\n<!-- \/ Yoast SEO Premium plugin. -->","yoast_head_json":{"title":"Imtakt - BCP Instruments","description":"Discover Imtakt Corporation, a Japanese company specialising in the manufacture of HPLC columns for the analysis of complex compounds.","robots":{"index":"index","follow":"follow","max-snippet":"max-snippet:-1","max-image-preview":"max-image-preview:large","max-video-preview":"max-video-preview:-1"},"canonical":"https:\/\/bcp-instruments.com\/en\/home\/imtakt\/","og_locale":"en_US","og_type":"article","og_title":"Imtakt","og_description":"Discover Imtakt Corporation, a Japanese company specialising in the manufacture of HPLC columns for the analysis of complex compounds.","og_url":"https:\/\/bcp-instruments.com\/en\/home\/imtakt\/","og_site_name":"BCP Instruments","article_modified_time":"2026-03-18T11:48:03+00:00","twitter_card":"summary_large_image","twitter_misc":{"Est. reading time":"5 minutes"},"schema":{"@context":"https:\/\/schema.org","@graph":[{"@type":"WebPage","@id":"https:\/\/bcp-instruments.com\/en\/home\/imtakt\/","url":"https:\/\/bcp-instruments.com\/en\/home\/imtakt\/","name":"Imtakt - BCP Instruments","isPartOf":{"@id":"https:\/\/bcp-instruments.com\/en\/#website"},"datePublished":"2023-02-24T10:00:00+00:00","dateModified":"2026-03-18T11:48:03+00:00","description":"Discover Imtakt Corporation, a Japanese company specialising in the manufacture of HPLC columns for the analysis of complex compounds.","breadcrumb":{"@id":"https:\/\/bcp-instruments.com\/en\/home\/imtakt\/#breadcrumb"},"inLanguage":"en-US","potentialAction":[{"@type":"ReadAction","target":["https:\/\/bcp-instruments.com\/en\/home\/imtakt\/"]}]},{"@type":"BreadcrumbList","@id":"https:\/\/bcp-instruments.com\/en\/home\/imtakt\/#breadcrumb","itemListElement":[{"@type":"ListItem","position":1,"name":"Accueil","item":"https:\/\/bcp-instruments.com\/en\/"},{"@type":"ListItem","position":2,"name":"BCP Instruments","item":"https:\/\/bcp-instruments.com\/en\/"},{"@type":"ListItem","position":3,"name":"Imtakt"}]},{"@type":"WebSite","@id":"https:\/\/bcp-instruments.com\/en\/#website","url":"https:\/\/bcp-instruments.com\/en\/","name":"BCP Instruments","description":"","publisher":{"@id":"https:\/\/bcp-instruments.com\/en\/#organization"},"potentialAction":[{"@type":"SearchAction","target":{"@type":"EntryPoint","urlTemplate":"https:\/\/bcp-instruments.com\/en\/?s={search_term_string}"},"query-input":{"@type":"PropertyValueSpecification","valueRequired":true,"valueName":"search_term_string"}}],"inLanguage":"en-US"},{"@type":"Organization","@id":"https:\/\/bcp-instruments.com\/en\/#organization","name":"BCP Instruments","url":"https:\/\/bcp-instruments.com\/en\/","logo":{"@type":"ImageObject","inLanguage":"en-US","@id":"https:\/\/bcp-instruments.com\/en\/#\/schema\/logo\/image\/","url":"https:\/\/bcp-instruments.com\/wp-content\/uploads\/2024\/01\/BCP-Instruments-2.webp","contentUrl":"https:\/\/bcp-instruments.com\/wp-content\/uploads\/2024\/01\/BCP-Instruments-2.webp","width":600,"height":600,"caption":"BCP Instruments"},"image":{"@id":"https:\/\/bcp-instruments.com\/en\/#\/schema\/logo\/image\/"},"sameAs":["https:\/\/fr.linkedin.com\/company\/bcp-instruments"],"email":"contact@bcp-instruments.com","telephone":"0472497265","legalName":"BCP INSTRUMENTS","taxID":"34296872400043","numberOfEmployees":{"@type":"QuantitativeValue","minValue":"1","maxValue":"10"}}]}},"_links":{"self":[{"href":"https:\/\/bcp-instruments.com\/en\/wp-json\/wp\/v2\/pages\/9866","targetHints":{"allow":["GET"]}}],"collection":[{"href":"https:\/\/bcp-instruments.com\/en\/wp-json\/wp\/v2\/pages"}],"about":[{"href":"https:\/\/bcp-instruments.com\/en\/wp-json\/wp\/v2\/types\/page"}],"author":[{"embeddable":true,"href":"https:\/\/bcp-instruments.com\/en\/wp-json\/wp\/v2\/users\/17"}],"replies":[{"embeddable":true,"href":"https:\/\/bcp-instruments.com\/en\/wp-json\/wp\/v2\/comments?post=9866"}],"version-history":[{"count":63,"href":"https:\/\/bcp-instruments.com\/en\/wp-json\/wp\/v2\/pages\/9866\/revisions"}],"predecessor-version":[{"id":41623,"href":"https:\/\/bcp-instruments.com\/en\/wp-json\/wp\/v2\/pages\/9866\/revisions\/41623"}],"up":[{"embeddable":true,"href":"https:\/\/bcp-instruments.com\/en\/wp-json\/wp\/v2\/pages\/7900"}],"wp:attachment":[{"href":"https:\/\/bcp-instruments.com\/en\/wp-json\/wp\/v2\/media?parent=9866"}],"curies":[{"name":"wp","href":"https:\/\/api.w.org\/{rel}","templated":true}]}}