{"id":6369,"date":"2022-03-07T10:00:00","date_gmt":"2022-03-07T10:00:00","guid":{"rendered":"https:\/\/bcp-instruments.com\/chiron-as\/"},"modified":"2026-03-23T12:20:18","modified_gmt":"2026-03-23T12:20:18","slug":"chiron-as","status":"publish","type":"page","link":"https:\/\/bcp-instruments.com\/en\/home\/chiron-as\/","title":{"rendered":"Chiron AS Laboratories (part of Zeptometrix)"},"content":{"rendered":"<p>[et_pb_section fb_built=&#8221;1&#8243; fullwidth=&#8221;on&#8221; _builder_version=&#8221;4.27.4&#8243; _module_preset=&#8221;default&#8221; da_disable_devices=&#8221;off|off|off&#8221; global_colors_info=&#8221;{}&#8221; admin_label=&#8221;Section&#8221; da_is_popup=&#8221;off&#8221; da_exit_intent=&#8221;off&#8221; da_has_close=&#8221;on&#8221; da_alt_close=&#8221;off&#8221; da_dark_close=&#8221;off&#8221; da_not_modal=&#8221;on&#8221; da_is_singular=&#8221;off&#8221; da_with_loader=&#8221;off&#8221; da_has_shadow=&#8221;on&#8221;][et_pb_fullwidth_header title=&#8221;Chiron AS&#8221; subhead=&#8221;ZeptoMetrix&#8221; button_one_text=&#8221;Nos standards de calibration&#8221; button_one_url=&#8221;@ET-DC@eyJkeW5hbWljIjp0cnVlLCJjb250ZW50IjoicG9zdF9saW5rX3VybF9wYWdlIiwic2V0dGluZ3MiOnsicG9zdF9pZCI6IjgyMDEiLCJlbmFibGVfaHRtbCI6Im9mZiJ9fQ==@&#8221; _builder_version=&#8221;4.27.4&#8243; _module_preset=&#8221;76490f20-dc9f-4b7e-bc88-dd179485a683&#8243; background_image=&#8221;https:\/\/bcp-instruments.com\/wp-content\/uploads\/2022\/10\/thisisengineering-raeng-8yS04veb1TQ-unsplash-1024&#215;683.jpeg&#8221; hover_enabled=&#8221;0&#8243; border_color_all_image=&#8221;RGBA(255,255,255,0)&#8221; global_colors_info=&#8221;{}&#8221; scroll_down_icon_size__hover_enabled=&#8221;on|hover&#8221; alt=&#8221;\u00e9talons_analytiques_laboratoires_Chiron AS_by ZeptoMetrix&#8221; title_text=&#8221;\u00e9talons_analytiques_laboratoires_Chiron_AS&#8221; header_image_url=&#8221;https:\/\/bcp-instruments.com\/wp-content\/uploads\/2024\/10\/Chiron_by-ZeptoMetrix-logo-300&#215;128.webp&#8221; sticky_enabled=&#8221;0&#8243; button_two_text=&#8221;Accreditations&#8221; button_two_url=&#8221;#Qualit\u00e9_Chiron&#8221; _dynamic_attributes=&#8221;button_one_url&#8221; header_fullscreen=&#8221;off&#8221; border_width_all_image=&#8221;0px&#8221;]<\/p>\n<p>Standards de calibration pour la recherche et l\u2019analyse des polluants organiques en toxicologie, environnement, agro-alimentaire et p\u00e9trochimie.<\/p>\n<p>[\/et_pb_fullwidth_header][\/et_pb_section][et_pb_section fb_built=&#8221;1&#8243; _builder_version=&#8221;4.16&#8243; _module_preset=&#8221;default&#8221; da_disable_devices=&#8221;off|off|off&#8221; global_colors_info=&#8221;{}&#8221; admin_label=&#8221;Section&#8221; da_is_popup=&#8221;off&#8221; da_exit_intent=&#8221;off&#8221; da_has_close=&#8221;on&#8221; da_alt_close=&#8221;off&#8221; da_dark_close=&#8221;off&#8221; da_not_modal=&#8221;on&#8221; da_is_singular=&#8221;off&#8221; da_with_loader=&#8221;off&#8221; da_has_shadow=&#8221;on&#8221;][et_pb_row _builder_version=&#8221;4.27.4&#8243; _module_preset=&#8221;default&#8221; global_colors_info=&#8221;{}&#8221;][et_pb_column type=&#8221;4_4&#8243; _builder_version=&#8221;4.27.4&#8243; _module_preset=&#8221;default&#8221; global_colors_info=&#8221;{}&#8221;][et_pb_text _builder_version=&#8221;4.27.4&#8243; _module_preset=&#8221;default&#8221; hover_enabled=&#8221;0&#8243; global_colors_info=&#8221;{}&#8221; sticky_enabled=&#8221;0&#8243;]<\/p>\n<h2>L&#8217;expertise de Chiron AS au service de vos analyses<\/h2>\n<p>Chez BCP Instruments, nous sommes fiers d\u2019\u00eatre le partenaire exclusif en France, Belgique et Luxembourg de Chiron AS, un acteur de renomm\u00e9e mondiale dans le domaine des standards analytiques.<\/p>\n<h3>Chiron AS : un large choix de standards analytiques pour toutes vos applications<\/h3>\n<p>Bas\u00e9s \u00e0 Trondheim, en Norv\u00e8ge, les Laboratoires Chiron AS sont sp\u00e9cialis\u00e9s dans la pr\u00e9paration de standards de calibration de haute pr\u00e9cision, essentiels pour la recherche et l\u2019analyse des polluants organiques tels que :<\/p>\n<ul>\n<li>Paraffines chlor\u00e9es,<\/li>\n<li>Microplastiques,<\/li>\n<li>PFAS,<\/li>\n<li>Pesticides,<\/li>\n<li>Drogues et autres substances sp\u00e9cifiques.<\/li>\n<\/ul>\n<h3>Des standards analytiques adapt\u00e9s \u00e0 tous vos domaines d\u2019activit\u00e9s<\/h3>\n<p>Chiron AS con\u00e7oit des standards innovants pour une vaste gamme d\u2019applications :<\/p>\n<ul>\n<li><span style=\"font-weight: 400\"><a href=\"https:\/\/bcp-instruments.com\/etalons-analytiques-chiron\/environnement\/\" title=\"Environnement\">Environnement :<\/a> analyse des contaminants et surveillance des \u00e9cosyst\u00e8mes.<\/span><\/li>\n<li><span style=\"font-weight: 400\"><a href=\"https:\/\/bcp-instruments.com\/etalons-analytiques-chiron\/alimentation-hygiene\/\" title=\"Alimentation &amp; Hygi\u00e8ne\">Agro-alimentaire :<\/a>\u00a0contr\u00f4le qualit\u00e9 et s\u00e9curit\u00e9 alimentaire.<\/span><\/li>\n<li><span style=\"font-weight: 400\"><a href=\"https:\/\/bcp-instruments.com\/etalons-analytiques-chiron\/pharmacologie-toxicologie\/\" title=\"Pharmacologie &amp; Toxicologie\">Pharmacologie, m\u00e9dico-l\u00e9gal et toxicologie :<\/a>\u00a0d\u00e9tection et quantification de substances actives ou illicites.<\/span><\/li>\n<li><span style=\"font-weight: 400\"><a href=\"https:\/\/bcp-instruments.com\/etalons-analytiques-chiron\/petrochimie\/\" title=\"P\u00e9trochimie\">P\u00e9trochimie :<\/a> analyses de carburants et d\u00e9riv\u00e9s.<\/span><\/li>\n<\/ul>\n<p><span style=\"font-weight: 400\">Chiron AS d\u00e9veloppe une large gamme de <strong>r\u00e9actifs<\/strong>, soit en <strong>solutions<\/strong> dans divers solvants, soit sous forme de <strong>produits purs natifs ou deut\u00e9r\u00e9s<\/strong>. Ils pr\u00e9parent \u00e9galement vos solutions \u00e0 fa\u00e7on pour faciliter la mise en oeuvre d\u2019analyses complexes qui incluent la recherche de multiples compos\u00e9s. <span>Contactez-nous : v<\/span>os demandes sp\u00e9cifiques sont \u00e9tudi\u00e9es avec le plus grand soin pour en \u00e9valuer la faisabilit\u00e9.<\/span><\/p>\n<p>[\/et_pb_text][et_pb_divider color=&#8221;#ffb504&#8243; divider_position=&#8221;center&#8221; divider_weight=&#8221;2px&#8221; disabled_on=&#8221;on|on|off&#8221; _builder_version=&#8221;4.27.4&#8243; max_width=&#8221;50px&#8221; custom_margin=&#8221;||||false|false&#8221; animation_style=&#8221;fade&#8221; global_colors_info=&#8221;{}&#8221; theme_builder_area=&#8221;post_content&#8221;][\/et_pb_divider][\/et_pb_column][\/et_pb_row][\/et_pb_section][et_pb_section fb_built=&#8221;1&#8243; theme_builder_area=&#8221;post_content&#8221; _builder_version=&#8221;4.27.4&#8243; _module_preset=&#8221;default&#8221; module_id=&#8221;Qualit\u00e9_Chiron&#8221; admin_label=&#8221;Section&#8221; da_is_popup=&#8221;off&#8221; da_popup_slug=&#8221;Qualit-_Chiron&#8221; da_exit_intent=&#8221;off&#8221; da_has_close=&#8221;on&#8221; da_alt_close=&#8221;off&#8221; da_dark_close=&#8221;off&#8221; da_not_modal=&#8221;on&#8221; da_is_singular=&#8221;off&#8221; da_with_loader=&#8221;off&#8221; da_has_shadow=&#8221;on&#8221; da_disable_devices=&#8221;off|off|off&#8221; hover_enabled=&#8221;0&#8243; sticky_enabled=&#8221;0&#8243;][et_pb_row column_structure=&#8221;3_4,1_4&#8243; _builder_version=&#8221;4.27.4&#8243; _module_preset=&#8221;default&#8221; hover_enabled=&#8221;0&#8243; global_colors_info=&#8221;{}&#8221; sticky_enabled=&#8221;0&#8243; theme_builder_area=&#8221;post_content&#8221;][et_pb_column type=&#8221;3_4&#8243; _builder_version=&#8221;4.27.4&#8243; _module_preset=&#8221;default&#8221; global_colors_info=&#8221;{}&#8221; theme_builder_area=&#8221;post_content&#8221;][et_pb_text _builder_version=&#8221;4.27.4&#8243; _module_preset=&#8221;default&#8221; hover_enabled=&#8221;0&#8243; global_colors_info=&#8221;{}&#8221; sticky_enabled=&#8221;0&#8243; theme_builder_area=&#8221;post_content&#8221;]<\/p>\n<h2>Accr\u00e9ditations et Perspectives<\/h2>\n<h3>Qualit\u00e9 et tra\u00e7abilit\u00e9 certifi\u00e9es<\/h3>\n<p>Chiron AS est accr\u00e9dit\u00e9 <strong>ISO\/IEC 17025 et 17034<\/strong>, une double garantie de qualit\u00e9 et de tra\u00e7abilit\u00e9 pour leurs produits. Leur catalogue comprend plus de 15 000 r\u00e9f\u00e9rences uniques, r\u00e9pondant aux exigences les plus strictes des laboratoires modernes.<\/p>\n<h3>Acteur cl\u00e9 dans les projets europ\u00e9ens<\/h3>\n<p>Chiron AS est un partenaire majeur dans des projets europ\u00e9ens de grande envergure tels que :<\/p>\n<ul>\n<li>CHLOFFIN : d\u00e9di\u00e9 \u00e0 l\u2019\u00e9tude des paraffines chlor\u00e9es.<\/li>\n<li>EUROqCHARM : ax\u00e9 sur les microplastiques.<\/li>\n<\/ul>\n<p>Ces initiatives contribuent \u00e0 la protection de l\u2019environnement et de la sant\u00e9 publique en Europe et \u00e0 travers le monde.<\/p>\n<h3>Int\u00e9gration strat\u00e9gique et nouvelles perspectives<\/h3>\n<p>En <strong>2024<\/strong>, <strong>Chiron AS<\/strong> a rejoint le groupe <strong>Antylia Scientific<\/strong>, une organisation mondiale reconnue pour son expertise et son innovation dans les sciences analytiques et diagnostiques. Cette acquisition strat\u00e9gique permet \u00e0 Chiron AS d\u2019\u00e9largir son portefeuille de produits et d\u2019accro\u00eetre son impact \u00e0 l\u2019\u00e9chelle internationale.<\/p>\n<p>Parmi les entit\u00e9s int\u00e9gr\u00e9es \u00e0 Antylia Scientific, <strong>ZeptoMetrix<\/strong>, une entreprise am\u00e9ricaine de premier plan, se distingue par ses solutions innovantes pour les march\u00e9s de la <strong>microbiologie diagnostique<\/strong>, des <strong>maladies infectieuses<\/strong>, et de l\u2019<strong>oncologie<\/strong>. ZeptoMetrix propose une gamme \u00e9tendue de <strong>produits de contr\u00f4le de qualit\u00e9<\/strong>, de <strong>mat\u00e9riaux de r\u00e9f\u00e9rence analytiques<\/strong>, et de solutions pour le d\u00e9veloppement d\u2019essais.<\/p>\n<p>Gr\u00e2ce \u00e0 cette synergie, <strong>Chiron AS<\/strong> et <strong>ZeptoMetrix<\/strong> collaborent d\u00e9sormais pour fournir des solutions globales et fiables dans le domaine de l\u2019<strong>analyse chimique et microbiologique<\/strong>, r\u00e9pondant ainsi aux besoins croissants des laboratoires et des chercheurs du monde entier. Cette alliance renforce leur capacit\u00e9 \u00e0 innover et \u00e0 proposer des produits et services encore plus performants et adapt\u00e9s aux d\u00e9fis actuels.<\/p>\n<p>[\/et_pb_text][\/et_pb_column][et_pb_column type=&#8221;1_4&#8243; _builder_version=&#8221;4.27.4&#8243; _module_preset=&#8221;default&#8221; global_colors_info=&#8221;{}&#8221; theme_builder_area=&#8221;post_content&#8221;][et_pb_text _builder_version=&#8221;4.27.4&#8243; _module_preset=&#8221;default&#8221; global_colors_info=&#8221;{}&#8221; hover_enabled=&#8221;0&#8243; sticky_enabled=&#8221;0&#8243; theme_builder_area=&#8221;post_content&#8221;]<\/p>\n<h3>T\u00e9l\u00e9charger les accr\u00e9ditations (pdf) :<\/h3>\n<p>[\/et_pb_text][et_pb_image src=&#8221;https:\/\/bcp-instruments.com\/wp-content\/uploads\/2024\/10\/ChironCertScope_17034-2024.webp&#8221; alt=&#8221;Chiron_17034-2024&#8243; title_text=&#8221;Chiron_17034-2024&#8243; _builder_version=&#8221;4.27.4&#8243; _module_preset=&#8221;28292adc-2611-4c4e-a5b1-73132c3edf8b&#8221; locked=&#8221;off&#8221; global_colors_info=&#8221;{}&#8221; hover_enabled=&#8221;0&#8243; sticky_enabled=&#8221;0&#8243; theme_builder_area=&#8221;post_content&#8221;][\/et_pb_image][et_pb_button button_url=&#8221;@ET-DC@eyJkeW5hbWljIjp0cnVlLCJjb250ZW50IjoicG9zdF9saW5rX3VybF9hdHRhY2htZW50Iiwic2V0dGluZ3MiOnsicG9zdF9pZCI6IjI3MzIzIiwiZW5hYmxlX2h0bWwiOiJvZmYifX0=@&#8221; url_new_window=&#8221;on&#8221; button_text=&#8221;ISO 17034&#8243; _builder_version=&#8221;4.27.4&#8243; _dynamic_attributes=&#8221;button_url&#8221; _module_preset=&#8221;15f27f50-6a79-4bab-a291-b9808f228a2e&#8221; global_colors_info=&#8221;{}&#8221; theme_builder_area=&#8221;post_content&#8221;][\/et_pb_button][et_pb_image src=&#8221;https:\/\/bcp-instruments.com\/wp-content\/uploads\/2024\/10\/Chiron_17025-2024-724&#215;1024.webp&#8221; alt=&#8221;Chiron_17025-2024&#8243; title_text=&#8221;Chiron_17025-2024&#8243; _builder_version=&#8221;4.27.4&#8243; _module_preset=&#8221;28292adc-2611-4c4e-a5b1-73132c3edf8b&#8221; locked=&#8221;off&#8221; global_colors_info=&#8221;{}&#8221; hover_enabled=&#8221;0&#8243; sticky_enabled=&#8221;0&#8243; theme_builder_area=&#8221;post_content&#8221;][\/et_pb_image][et_pb_button button_url=&#8221;@ET-DC@eyJkeW5hbWljIjp0cnVlLCJjb250ZW50IjoicG9zdF9saW5rX3VybF9hdHRhY2htZW50Iiwic2V0dGluZ3MiOnsicG9zdF9pZCI6IjI3MzE4IiwiZW5hYmxlX2h0bWwiOiJvZmYifX0=@&#8221; url_new_window=&#8221;on&#8221; button_text=&#8221;ISO 17025&#8243; _builder_version=&#8221;4.27.4&#8243; _dynamic_attributes=&#8221;button_url&#8221; _module_preset=&#8221;15f27f50-6a79-4bab-a291-b9808f228a2e&#8221; global_colors_info=&#8221;{}&#8221; theme_builder_area=&#8221;post_content&#8221;][\/et_pb_button][\/et_pb_column][\/et_pb_row][et_pb_row _builder_version=&#8221;4.27.4&#8243; _module_preset=&#8221;default&#8221; column_structure=&#8221;1_2,1_2&#8243; theme_builder_area=&#8221;post_content&#8221;][et_pb_column _builder_version=&#8221;4.27.4&#8243; _module_preset=&#8221;default&#8221; type=&#8221;1_2&#8243; theme_builder_area=&#8221;post_content&#8221;][et_pb_image src=&#8221;https:\/\/bcp-instruments.com\/wp-content\/uploads\/2024\/04\/CHIRON-1.webp&#8221; alt=&#8221;CHIRON AS logo&#8221; title_text=&#8221;CHIRON AS&#8221; _builder_version=&#8221;4.27.4&#8243; _module_preset=&#8221;a1c4ebe0-eec0-4604-82f8-435d72234c69&#8243; max_width=&#8221;70%&#8221; module_alignment=&#8221;center&#8221; hover_enabled=&#8221;0&#8243; locked=&#8221;off&#8221; global_colors_info=&#8221;{}&#8221; sticky_enabled=&#8221;0&#8243; theme_builder_area=&#8221;post_content&#8221;][\/et_pb_image][et_pb_divider color=&#8221;#ffb504&#8243; divider_position=&#8221;center&#8221; divider_weight=&#8221;2px&#8221; disabled_on=&#8221;on|on|off&#8221; _builder_version=&#8221;4.27.4&#8243; max_width=&#8221;50px&#8221; custom_margin=&#8221;||||false|false&#8221; animation_style=&#8221;fade&#8221; global_colors_info=&#8221;{}&#8221; theme_builder_area=&#8221;post_content&#8221;][\/et_pb_divider][\/et_pb_column][et_pb_column _builder_version=&#8221;4.27.4&#8243; _module_preset=&#8221;default&#8221; type=&#8221;1_2&#8243; theme_builder_area=&#8221;post_content&#8221;][et_pb_image src=&#8221;https:\/\/bcp-instruments.com\/wp-content\/uploads\/2024\/10\/Chiron_by-ZeptoMetrix-logo-scaled.webp&#8221; alt=&#8221;\u00e9talons_analytiques_laboratoires_Chiron AS_by ZeptoMetrix&#8221; title_text=&#8221;analytical_standards_laboratories_Chiron_AS&#8221; _builder_version=&#8221;4.27.4&#8243; _module_preset=&#8221;a1c4ebe0-eec0-4604-82f8-435d72234c69&#8243; max_width=&#8221;70%&#8221; module_alignment=&#8221;center&#8221; hover_enabled=&#8221;0&#8243; locked=&#8221;off&#8221; global_colors_info=&#8221;{}&#8221; sticky_enabled=&#8221;0&#8243; theme_builder_area=&#8221;post_content&#8221;][\/et_pb_image][\/et_pb_column][\/et_pb_row][\/et_pb_section][et_pb_section fb_built=&#8221;1&#8243; fullwidth=&#8221;on&#8221; _builder_version=&#8221;4.27.4&#8243; _module_preset=&#8221;default&#8221; background_image=&#8221;https:\/\/bcp-instruments.com\/wp-content\/uploads\/2022\/10\/hans-reniers-lQGJCMY5qcM-unsplash-1024&#215;683.jpeg&#8221; da_disable_devices=&#8221;off|off|off&#8221; global_colors_info=&#8221;{}&#8221; admin_label=&#8221;Section&#8221; da_is_popup=&#8221;off&#8221; da_exit_intent=&#8221;off&#8221; da_has_close=&#8221;on&#8221; da_alt_close=&#8221;off&#8221; da_dark_close=&#8221;off&#8221; da_not_modal=&#8221;on&#8221; da_is_singular=&#8221;off&#8221; da_with_loader=&#8221;off&#8221; da_has_shadow=&#8221;on&#8221;][et_pb_fullwidth_header subhead=&#8221;Chiron by Zeptometrix&#8221; text_orientation=&#8221;center&#8221; logo_image_url=&#8221;https:\/\/bcp-instruments.com\/wp-content\/uploads\/2024\/10\/Chiron_by-ZeptoMetrix-logo-300&#215;128.webp&#8221; _builder_version=&#8221;4.27.4&#8243; _module_preset=&#8221;default&#8221; subhead_font=&#8221;|600||on|||||&#8221; subhead_font_size=&#8221;29px&#8221; content_link_text_color=&#8221;#000000&#8243; background_color=&#8221;#d3dae4&#8243; use_background_color_gradient=&#8221;on&#8221; background_color_gradient_stops=&#8221;rgba(85,105,135,0.1) 0%|#325487 100%&#8221; background_color_gradient_overlays_image=&#8221;on&#8221; background_color_gradient_start=&#8221;rgba(85,105,135,0.1)&#8221; background_color_gradient_end=&#8221;#325487&#8243; background_image=&#8221;https:\/\/bcp-instruments.com\/wp-content\/uploads\/2022\/10\/hans-reniers-lQGJCMY5qcM-unsplash-1024&#215;683.jpeg&#8221; parallax=&#8221;on&#8221; border_width_all_image=&#8221;1px&#8221; border_color_all_image=&#8221;#FFFFFF&#8221; border_style_all_image=&#8221;none&#8221; global_colors_info=&#8221;{}&#8221;]<\/p>\n<p>More information on <a href=\"https:\/\/www.chiron.no\/en\/\" target=\"_blank\" rel=\"noopener\" title=\"Chiron\">Chiron.no<\/a><\/p>\n<p>[\/et_pb_fullwidth_header][\/et_pb_section]<\/p>\n","protected":false},"excerpt":{"rendered":"<p>Standards de calibration pour la recherche et l\u2019analyse des polluants organiques en toxicologie, environnement, agro-alimentaire et p\u00e9trochimie.L&#8217;expertise de Chiron AS au service de vos analyses Chez BCP Instruments, nous sommes fiers d\u2019\u00eatre le partenaire exclusif en France, Belgique et Luxembourg de Chiron AS, un acteur de renomm\u00e9e mondiale dans le domaine des standards analytiques. Chiron [&hellip;]<\/p>\n","protected":false},"author":17,"featured_media":0,"parent":7900,"menu_order":5,"comment_status":"closed","ping_status":"closed","template":"","meta":{"_et_pb_use_builder":"on","_et_pb_old_content":"","_et_gb_content_width":"","footnotes":""},"class_list":["post-6369","page","type-page","status-publish","hentry"],"yoast_head":"<!-- This site is optimized with the Yoast SEO Premium plugin v27.3 (Yoast SEO v27.3) - https:\/\/yoast.com\/product\/yoast-seo-premium-wordpress\/ -->\n<title>Chiron AS Laboratories (part of Zeptometrix) - BCP Instruments<\/title>\n<meta name=\"description\" content=\"Based in Trondheim, Norway, Laboratoires Chiron AS (Zeptometrix) develops analytical standards in various fields.\" \/>\n<meta name=\"robots\" content=\"index, follow, max-snippet:-1, max-image-preview:large, max-video-preview:-1\" \/>\n<link rel=\"canonical\" href=\"https:\/\/bcp-instruments.com\/en\/home\/chiron-as\/\" \/>\n<meta property=\"og:locale\" content=\"en_US\" \/>\n<meta property=\"og:type\" content=\"article\" \/>\n<meta property=\"og:title\" content=\"Chiron AS Laboratories (part of Zeptometrix)\" \/>\n<meta property=\"og:description\" content=\"Based in Trondheim, Norway, Laboratoires Chiron AS (Zeptometrix) develops analytical standards in various fields.\" \/>\n<meta property=\"og:url\" content=\"https:\/\/bcp-instruments.com\/en\/home\/chiron-as\/\" \/>\n<meta property=\"og:site_name\" content=\"BCP Instruments\" \/>\n<meta property=\"article:modified_time\" content=\"2026-03-23T12:20:18+00:00\" \/>\n<meta name=\"twitter:card\" content=\"summary_large_image\" \/>\n<meta name=\"twitter:label1\" content=\"Est. reading time\" \/>\n\t<meta name=\"twitter:data1\" content=\"2 minutes\" \/>\n<script type=\"application\/ld+json\" class=\"yoast-schema-graph\">{\"@context\":\"https:\\\/\\\/schema.org\",\"@graph\":[{\"@type\":\"WebPage\",\"@id\":\"https:\\\/\\\/bcp-instruments.com\\\/en\\\/home\\\/chiron-as\\\/\",\"url\":\"https:\\\/\\\/bcp-instruments.com\\\/en\\\/home\\\/chiron-as\\\/\",\"name\":\"Chiron AS Laboratories (part of Zeptometrix) - BCP Instruments\",\"isPartOf\":{\"@id\":\"https:\\\/\\\/bcp-instruments.com\\\/en\\\/#website\"},\"datePublished\":\"2022-03-07T10:00:00+00:00\",\"dateModified\":\"2026-03-23T12:20:18+00:00\",\"description\":\"Based in Trondheim, Norway, Laboratoires Chiron AS (Zeptometrix) develops analytical standards in various fields.\",\"breadcrumb\":{\"@id\":\"https:\\\/\\\/bcp-instruments.com\\\/en\\\/home\\\/chiron-as\\\/#breadcrumb\"},\"inLanguage\":\"en-US\",\"potentialAction\":[{\"@type\":\"ReadAction\",\"target\":[\"https:\\\/\\\/bcp-instruments.com\\\/en\\\/home\\\/chiron-as\\\/\"]}]},{\"@type\":\"BreadcrumbList\",\"@id\":\"https:\\\/\\\/bcp-instruments.com\\\/en\\\/home\\\/chiron-as\\\/#breadcrumb\",\"itemListElement\":[{\"@type\":\"ListItem\",\"position\":1,\"name\":\"Accueil\",\"item\":\"https:\\\/\\\/bcp-instruments.com\\\/en\\\/\"},{\"@type\":\"ListItem\",\"position\":2,\"name\":\"BCP Instruments\",\"item\":\"https:\\\/\\\/bcp-instruments.com\\\/en\\\/\"},{\"@type\":\"ListItem\",\"position\":3,\"name\":\"Chiron AS (Zeptometrix)\"}]},{\"@type\":\"WebSite\",\"@id\":\"https:\\\/\\\/bcp-instruments.com\\\/en\\\/#website\",\"url\":\"https:\\\/\\\/bcp-instruments.com\\\/en\\\/\",\"name\":\"BCP Instruments\",\"description\":\"\",\"publisher\":{\"@id\":\"https:\\\/\\\/bcp-instruments.com\\\/en\\\/#organization\"},\"potentialAction\":[{\"@type\":\"SearchAction\",\"target\":{\"@type\":\"EntryPoint\",\"urlTemplate\":\"https:\\\/\\\/bcp-instruments.com\\\/en\\\/?s={search_term_string}\"},\"query-input\":{\"@type\":\"PropertyValueSpecification\",\"valueRequired\":true,\"valueName\":\"search_term_string\"}}],\"inLanguage\":\"en-US\"},{\"@type\":\"Organization\",\"@id\":\"https:\\\/\\\/bcp-instruments.com\\\/en\\\/#organization\",\"name\":\"BCP Instruments\",\"url\":\"https:\\\/\\\/bcp-instruments.com\\\/en\\\/\",\"logo\":{\"@type\":\"ImageObject\",\"inLanguage\":\"en-US\",\"@id\":\"https:\\\/\\\/bcp-instruments.com\\\/en\\\/#\\\/schema\\\/logo\\\/image\\\/\",\"url\":\"https:\\\/\\\/bcp-instruments.com\\\/wp-content\\\/uploads\\\/2024\\\/01\\\/BCP-Instruments-2.webp\",\"contentUrl\":\"https:\\\/\\\/bcp-instruments.com\\\/wp-content\\\/uploads\\\/2024\\\/01\\\/BCP-Instruments-2.webp\",\"width\":600,\"height\":600,\"caption\":\"BCP Instruments\"},\"image\":{\"@id\":\"https:\\\/\\\/bcp-instruments.com\\\/en\\\/#\\\/schema\\\/logo\\\/image\\\/\"},\"sameAs\":[\"https:\\\/\\\/fr.linkedin.com\\\/company\\\/bcp-instruments\"],\"email\":\"contact@bcp-instruments.com\",\"telephone\":\"0472497265\",\"legalName\":\"BCP INSTRUMENTS\",\"taxID\":\"34296872400043\",\"numberOfEmployees\":{\"@type\":\"QuantitativeValue\",\"minValue\":\"1\",\"maxValue\":\"10\"}}]}<\/script>\n<!-- \/ Yoast SEO Premium plugin. -->","yoast_head_json":{"title":"Chiron AS Laboratories (part of Zeptometrix) - BCP Instruments","description":"Based in Trondheim, Norway, Laboratoires Chiron AS (Zeptometrix) develops analytical standards in various fields.","robots":{"index":"index","follow":"follow","max-snippet":"max-snippet:-1","max-image-preview":"max-image-preview:large","max-video-preview":"max-video-preview:-1"},"canonical":"https:\/\/bcp-instruments.com\/en\/home\/chiron-as\/","og_locale":"en_US","og_type":"article","og_title":"Chiron AS Laboratories (part of Zeptometrix)","og_description":"Based in Trondheim, Norway, Laboratoires Chiron AS (Zeptometrix) develops analytical standards in various fields.","og_url":"https:\/\/bcp-instruments.com\/en\/home\/chiron-as\/","og_site_name":"BCP Instruments","article_modified_time":"2026-03-23T12:20:18+00:00","twitter_card":"summary_large_image","twitter_misc":{"Est. reading time":"2 minutes"},"schema":{"@context":"https:\/\/schema.org","@graph":[{"@type":"WebPage","@id":"https:\/\/bcp-instruments.com\/en\/home\/chiron-as\/","url":"https:\/\/bcp-instruments.com\/en\/home\/chiron-as\/","name":"Chiron AS Laboratories (part of Zeptometrix) - BCP Instruments","isPartOf":{"@id":"https:\/\/bcp-instruments.com\/en\/#website"},"datePublished":"2022-03-07T10:00:00+00:00","dateModified":"2026-03-23T12:20:18+00:00","description":"Based in Trondheim, Norway, Laboratoires Chiron AS (Zeptometrix) develops analytical standards in various fields.","breadcrumb":{"@id":"https:\/\/bcp-instruments.com\/en\/home\/chiron-as\/#breadcrumb"},"inLanguage":"en-US","potentialAction":[{"@type":"ReadAction","target":["https:\/\/bcp-instruments.com\/en\/home\/chiron-as\/"]}]},{"@type":"BreadcrumbList","@id":"https:\/\/bcp-instruments.com\/en\/home\/chiron-as\/#breadcrumb","itemListElement":[{"@type":"ListItem","position":1,"name":"Accueil","item":"https:\/\/bcp-instruments.com\/en\/"},{"@type":"ListItem","position":2,"name":"BCP Instruments","item":"https:\/\/bcp-instruments.com\/en\/"},{"@type":"ListItem","position":3,"name":"Chiron AS (Zeptometrix)"}]},{"@type":"WebSite","@id":"https:\/\/bcp-instruments.com\/en\/#website","url":"https:\/\/bcp-instruments.com\/en\/","name":"BCP Instruments","description":"","publisher":{"@id":"https:\/\/bcp-instruments.com\/en\/#organization"},"potentialAction":[{"@type":"SearchAction","target":{"@type":"EntryPoint","urlTemplate":"https:\/\/bcp-instruments.com\/en\/?s={search_term_string}"},"query-input":{"@type":"PropertyValueSpecification","valueRequired":true,"valueName":"search_term_string"}}],"inLanguage":"en-US"},{"@type":"Organization","@id":"https:\/\/bcp-instruments.com\/en\/#organization","name":"BCP Instruments","url":"https:\/\/bcp-instruments.com\/en\/","logo":{"@type":"ImageObject","inLanguage":"en-US","@id":"https:\/\/bcp-instruments.com\/en\/#\/schema\/logo\/image\/","url":"https:\/\/bcp-instruments.com\/wp-content\/uploads\/2024\/01\/BCP-Instruments-2.webp","contentUrl":"https:\/\/bcp-instruments.com\/wp-content\/uploads\/2024\/01\/BCP-Instruments-2.webp","width":600,"height":600,"caption":"BCP Instruments"},"image":{"@id":"https:\/\/bcp-instruments.com\/en\/#\/schema\/logo\/image\/"},"sameAs":["https:\/\/fr.linkedin.com\/company\/bcp-instruments"],"email":"contact@bcp-instruments.com","telephone":"0472497265","legalName":"BCP INSTRUMENTS","taxID":"34296872400043","numberOfEmployees":{"@type":"QuantitativeValue","minValue":"1","maxValue":"10"}}]}},"_links":{"self":[{"href":"https:\/\/bcp-instruments.com\/en\/wp-json\/wp\/v2\/pages\/6369","targetHints":{"allow":["GET"]}}],"collection":[{"href":"https:\/\/bcp-instruments.com\/en\/wp-json\/wp\/v2\/pages"}],"about":[{"href":"https:\/\/bcp-instruments.com\/en\/wp-json\/wp\/v2\/types\/page"}],"author":[{"embeddable":true,"href":"https:\/\/bcp-instruments.com\/en\/wp-json\/wp\/v2\/users\/17"}],"replies":[{"embeddable":true,"href":"https:\/\/bcp-instruments.com\/en\/wp-json\/wp\/v2\/comments?post=6369"}],"version-history":[{"count":147,"href":"https:\/\/bcp-instruments.com\/en\/wp-json\/wp\/v2\/pages\/6369\/revisions"}],"predecessor-version":[{"id":41846,"href":"https:\/\/bcp-instruments.com\/en\/wp-json\/wp\/v2\/pages\/6369\/revisions\/41846"}],"up":[{"embeddable":true,"href":"https:\/\/bcp-instruments.com\/en\/wp-json\/wp\/v2\/pages\/7900"}],"wp:attachment":[{"href":"https:\/\/bcp-instruments.com\/en\/wp-json\/wp\/v2\/media?parent=6369"}],"curies":[{"name":"wp","href":"https:\/\/api.w.org\/{rel}","templated":true}]}}